{"id":3387,"date":"2022-02-13T23:46:11","date_gmt":"2022-02-14T05:46:11","guid":{"rendered":"https:\/\/www.borinquenresort.com\/special-events\/"},"modified":"2023-05-29T13:03:23","modified_gmt":"2023-05-29T19:03:23","slug":"eventos-especiales","status":"publish","type":"page","link":"https:\/\/www.borinquenresort.com\/es\/eventos-especiales\/","title":{"rendered":"Eventos Especiales"},"content":{"rendered":"<div class=\"fusion-fullwidth fullwidth-box fusion-builder-row-1 fusion-flex-container nonhundred-percent-fullwidth non-hundred-percent-height-scrolling\" style=\"--awb-background-position:left top;--awb-border-sizes-top:0px;--awb-border-sizes-bottom:0px;--awb-border-sizes-left:0px;--awb-border-sizes-right:0px;--awb-border-radius-top-left:0px;--awb-border-radius-top-right:0px;--awb-border-radius-bottom-right:0px;--awb-border-radius-bottom-left:0px;--awb-padding-top:0px;--awb-padding-bottom:75px;--awb-padding-bottom-medium:40px;\" ><div class=\"fusion-builder-row fusion-row fusion-flex-align-items-stretch\" style=\"max-width:1216.8px;margin-left: calc(-4% \/ 2 );margin-right: calc(-4% \/ 2 );\"><div class=\"fusion-layout-column fusion_builder_column fusion-builder-column-0 fusion_builder_column_1_2 1_2 fusion-flex-column\" style=\"--awb-bg-size:cover;--awb-width-large:50%;--awb-margin-top-large:0px;--awb-spacing-right-large:3.84%;--awb-margin-bottom-large:20px;--awb-spacing-left-large:3.84%;--awb-width-medium:100%;--awb-spacing-right-medium:1.92%;--awb-spacing-left-medium:1.92%;--awb-width-small:100%;--awb-spacing-right-small:1.92%;--awb-spacing-left-small:1.92%;\"><div class=\"fusion-column-wrapper fusion-flex-justify-content-center fusion-content-layout-column\"><div class=\"fusion-title title fusion-title-1 fusion-title-text fusion-title-size-two\" style=\"--awb-margin-bottom:0px;--awb-margin-bottom-small:0px;--awb-margin-bottom-medium:0px;--awb-font-size:13px;\"><div class=\"title-sep-container title-sep-container-left fusion-no-large-visibility fusion-no-medium-visibility fusion-no-small-visibility\"><div class=\"title-sep sep- sep-solid\" style=\"border-color:#e0dede;\"><\/div><\/div><span class=\"awb-title-spacer fusion-no-large-visibility fusion-no-medium-visibility fusion-no-small-visibility\"><\/span><h2 class=\"title-heading-left fusion-responsive-typography-calculated\" style=\"font-family:&quot;Questrial&quot;;font-style:normal;font-weight:400;margin:0;font-size:1em;letter-spacing:4px;--fontSize:13;--minFontSize:13;line-height:1.69;\">BORINQUEN THERMAL RESORT<\/h2><span class=\"awb-title-spacer\"><\/span><div class=\"title-sep-container title-sep-container-right\"><div class=\"title-sep sep- sep-solid\" style=\"border-color:#e0dede;\"><\/div><\/div><\/div><div class=\"fusion-title title fusion-title-2 fusion-title-text fusion-title-size-three\" style=\"--awb-font-size:46px;\"><div class=\"title-sep-container title-sep-container-left fusion-no-large-visibility fusion-no-medium-visibility fusion-no-small-visibility\"><div class=\"title-sep sep- sep-solid\" style=\"border-color:#e0dede;\"><\/div><\/div><span class=\"awb-title-spacer fusion-no-large-visibility fusion-no-medium-visibility fusion-no-small-visibility\"><\/span><h3 class=\"title-heading-left fusion-responsive-typography-calculated\" style=\"margin:0;font-size:1em;--fontSize:46;line-height:1.67;\">Eventos Especiales<\/h3><span class=\"awb-title-spacer\"><\/span><div class=\"title-sep-container title-sep-container-right\"><div class=\"title-sep sep- sep-solid\" style=\"border-color:#e0dede;\"><\/div><\/div><\/div><div class=\"fusion-separator\" style=\"align-self: flex-start;margin-right:auto;margin-top:0px;margin-bottom:20px;width:100%;max-width:50px;\"><div class=\"fusion-separator-border sep-single sep-solid\" style=\"--awb-height:20px;--awb-amount:20px;--awb-sep-color:#cbaa5c;border-color:#cbaa5c;border-top-width:1px;\"><\/div><\/div><div class=\"fusion-text fusion-text-1\" style=\"--awb-content-alignment:justify;\"><p><strong>Cenas Privadas. \u201cDisfruta de un viaje culinario preparado por nuestro Chef\u201d.<\/strong><\/p>\n<p>Si su plan es sorprender a su pareja con una cena privada, nuestro Chef ha dise\u00f1ado opciones de men\u00fa especiales para hacer de esta cena una experiencia inolvidable.<\/p>\n<p>Nuestros comensales tambi\u00e9n pueden disfrutar de un men\u00fa degustaci\u00f3n de cuatro o cinco platos. Este men\u00fa refleja los mejores productos ecol\u00f3gicos de temporada y carnes de animales criados de forma natural en un entorno ideal.<\/p>\n<p>Tambi\u00e9n contamos con espacios \u00fanicos y diferentes opciones de men\u00fa para celebrar tus eventos importantes.<\/p>\n<\/div><div class=\"fusion-text fusion-text-2 ocultar-temporal\" style=\"--awb-content-alignment:justify;\"><p><strong>Cenas Privadas. \u201cDisfruta de un viaje culinario preparado por nuestro Chef\u201d.<\/strong><\/p>\n<p>Si su plan es sorprender a su pareja con una cena privada, nuestro Chef ha dise\u00f1ado opciones de men\u00fa especiales para hacer de esta cena una experiencia inolvidable.<\/p>\n<p>Nuestros comensales tambi\u00e9n pueden disfrutar de un men\u00fa degustaci\u00f3n de cuatro o cinco platos. Este men\u00fa refleja los mejores productos ecol\u00f3gicos de temporada y carnes de animales criados de forma natural en un entorno ideal.<\/p>\n<p>Tambi\u00e9n contamos con espacios \u00fanicos y diferentes opciones de men\u00fa para celebrar tus eventos importantes. Nuestra capacidad m\u00e1xima es de 50 personas.<\/p>\n<p>El horario de servicio para cenas privadas es de 18:00 a 22:00 horas.<\/p>\n<\/div><\/div><\/div><div class=\"fusion-layout-column fusion_builder_column fusion-builder-column-1 fusion_builder_column_1_2 1_2 fusion-flex-column\" style=\"--awb-padding-top:5px;--awb-padding-right:5px;--awb-padding-bottom:5px;--awb-padding-left:5px;--awb-bg-color:#ffffff;--awb-bg-image:url(&#039;https:\/\/www.borinquenresort.com\/wp-content\/uploads\/2022\/04\/feat_room_bg1.jpg&#039;);--awb-bg-position:right center;--awb-bg-size:cover;--awb-border-color:#ebeef1;--awb-border-top:1px;--awb-border-right:1px;--awb-border-bottom:1px;--awb-border-left:1px;--awb-border-style:solid;--awb-width-large:50%;--awb-margin-top-large:0px;--awb-spacing-right-large:3.84%;--awb-margin-bottom-large:20px;--awb-spacing-left-large:3.84%;--awb-width-medium:100%;--awb-order-medium:0;--awb-spacing-right-medium:1.92%;--awb-spacing-left-medium:1.92%;--awb-width-small:100%;--awb-order-small:0;--awb-spacing-right-small:1.92%;--awb-spacing-left-small:1.92%;\"><div class=\"fusion-column-wrapper fusion-column-has-shadow fusion-flex-justify-content-flex-start fusion-content-layout-column\" data-bg-url=\"https:\/\/www.borinquenresort.com\/wp-content\/uploads\/2022\/04\/feat_room_bg1.jpg\"><div class=\"fusion-image-element \" style=\"--awb-bottom-shadow-color:rgba(0,0,0,0.4);--awb-caption-title-font-family:var(--h2_typography-font-family);--awb-caption-title-font-weight:var(--h2_typography-font-weight);--awb-caption-title-font-style:var(--h2_typography-font-style);--awb-caption-title-size:var(--h2_typography-font-size);--awb-caption-title-transform:var(--h2_typography-text-transform);--awb-caption-title-line-height:var(--h2_typography-line-height);--awb-caption-title-letter-spacing:var(--h2_typography-letter-spacing);\"><div class=\"awb-image-frame awb-image-frame-1 fusion-image-frame-bottomshadow image-frame-shadow-1\"><span class=\" fusion-imageframe imageframe-bottomshadow imageframe-1 element-bottomshadow hover-type-none\" style=\"border:13px solid #ffffff;\" class=\"image-scroll\"><a href=\"https:\/\/www.borinquenresort.com\/wp-content\/uploads\/2023\/04\/Evento-2.jpg\" class=\"fusion-lightbox\" data-rel=\"iLightbox[151a4b82093f6584ec9]\" data-title=\"Evento-2\" title=\"Evento-2\"><img decoding=\"async\" width=\"1024\" height=\"768\" src=\"https:\/\/www.borinquenresort.com\/wp-content\/uploads\/2023\/04\/Evento-2.jpg\" alt class=\"img-responsive wp-image-4093 disable-lazyload\" srcset=\"https:\/\/www.borinquenresort.com\/wp-content\/uploads\/2023\/04\/Evento-2-200x150.jpg 200w, https:\/\/www.borinquenresort.com\/wp-content\/uploads\/2023\/04\/Evento-2-400x300.jpg 400w, https:\/\/www.borinquenresort.com\/wp-content\/uploads\/2023\/04\/Evento-2-600x450.jpg 600w, https:\/\/www.borinquenresort.com\/wp-content\/uploads\/2023\/04\/Evento-2-800x600.jpg 800w, https:\/\/www.borinquenresort.com\/wp-content\/uploads\/2023\/04\/Evento-2.jpg 1024w\" sizes=\"(max-width: 1024px) 100vw, (max-width: 640px) 100vw, 600px\" \/><\/a><\/span><\/div><\/div><\/div><\/div><\/div><\/div>\n","protected":false},"excerpt":{"rendered":"","protected":false},"author":1,"featured_media":0,"parent":0,"menu_order":0,"comment_status":"open","ping_status":"open","template":"100-width.php","meta":{"_joinchat":[],"footnotes":""},"class_list":["post-3387","page","type-page","status-publish","hentry"],"_links":{"self":[{"href":"https:\/\/www.borinquenresort.com\/es\/wp-json\/wp\/v2\/pages\/3387","targetHints":{"allow":["GET"]}}],"collection":[{"href":"https:\/\/www.borinquenresort.com\/es\/wp-json\/wp\/v2\/pages"}],"about":[{"href":"https:\/\/www.borinquenresort.com\/es\/wp-json\/wp\/v2\/types\/page"}],"author":[{"embeddable":true,"href":"https:\/\/www.borinquenresort.com\/es\/wp-json\/wp\/v2\/users\/1"}],"replies":[{"embeddable":true,"href":"https:\/\/www.borinquenresort.com\/es\/wp-json\/wp\/v2\/comments?post=3387"}],"version-history":[{"count":4,"href":"https:\/\/www.borinquenresort.com\/es\/wp-json\/wp\/v2\/pages\/3387\/revisions"}],"predecessor-version":[{"id":4099,"href":"https:\/\/www.borinquenresort.com\/es\/wp-json\/wp\/v2\/pages\/3387\/revisions\/4099"}],"wp:attachment":[{"href":"https:\/\/www.borinquenresort.com\/es\/wp-json\/wp\/v2\/media?parent=3387"}],"curies":[{"name":"wp","href":"https:\/\/api.w.org\/{rel}","templated":true}]}}