{"id":3380,"date":"2021-11-16T20:29:17","date_gmt":"2021-11-17T02:29:17","guid":{"rendered":"https:\/\/www.borinquenresort.com\/enviromental-policy\/"},"modified":"2023-05-29T13:03:41","modified_gmt":"2023-05-29T19:03:41","slug":"politica-ambiental","status":"publish","type":"page","link":"https:\/\/www.borinquenresort.com\/es\/politica-ambiental\/","title":{"rendered":"Pol\u00edtica Ambiental"},"content":{"rendered":"<div class=\"fusion-fullwidth fullwidth-box fusion-builder-row-1 fusion-flex-container nonhundred-percent-fullwidth non-hundred-percent-height-scrolling\" style=\"--awb-background-position:left top;--awb-border-sizes-top:0px;--awb-border-sizes-bottom:0px;--awb-border-sizes-left:0px;--awb-border-sizes-right:0px;--awb-border-radius-top-left:0px;--awb-border-radius-top-right:0px;--awb-border-radius-bottom-right:0px;--awb-border-radius-bottom-left:0px;--awb-padding-top:0px;--awb-padding-bottom:85px;--awb-padding-bottom-medium:50px;\" ><div class=\"fusion-builder-row fusion-row fusion-flex-align-items-flex-start\" style=\"max-width:1216.8px;margin-left: calc(-4% \/ 2 );margin-right: calc(-4% \/ 2 );\"><div class=\"fusion-layout-column fusion_builder_column fusion-builder-column-0 fusion_builder_column_1_1 1_1 fusion-flex-column\" style=\"--awb-padding-right:4%;--awb-padding-left:4%;--awb-padding-right-medium:4%;--awb-padding-left-medium:4%;--awb-bg-size:cover;--awb-width-large:100%;--awb-margin-top-large:0px;--awb-spacing-right-large:1.92%;--awb-margin-bottom-large:20px;--awb-spacing-left-large:1.92%;--awb-width-medium:100%;--awb-spacing-right-medium:1.92%;--awb-spacing-left-medium:1.92%;--awb-width-small:100%;--awb-spacing-right-small:1.92%;--awb-spacing-left-small:1.92%;\"><div class=\"fusion-column-wrapper fusion-flex-justify-content-flex-start fusion-content-layout-column\"><div class=\"fusion-image-element \" style=\"text-align:center;--awb-caption-title-font-family:var(--h2_typography-font-family);--awb-caption-title-font-weight:var(--h2_typography-font-weight);--awb-caption-title-font-style:var(--h2_typography-font-style);--awb-caption-title-size:var(--h2_typography-font-size);--awb-caption-title-transform:var(--h2_typography-text-transform);--awb-caption-title-line-height:var(--h2_typography-line-height);--awb-caption-title-letter-spacing:var(--h2_typography-letter-spacing);\"><span class=\" fusion-imageframe imageframe-none imageframe-1 hover-type-none\" class=\"image-magnify\" class=\"image-scroll\"><img decoding=\"async\" width=\"250\" height=\"206\" title=\"full\" src=\"https:\/\/www.borinquenresort.com\/wp-content\/uploads\/2021\/11\/full.png\" alt class=\"img-responsive wp-image-3114\" srcset=\"https:\/\/www.borinquenresort.com\/wp-content\/uploads\/2021\/11\/full-200x165.png 200w, https:\/\/www.borinquenresort.com\/wp-content\/uploads\/2021\/11\/full.png 250w\" sizes=\"(max-width: 1024px) 100vw, (max-width: 640px) 100vw, 250px\" \/><\/span><\/div><div class=\"fusion-title title fusion-title-1 fusion-title-center fusion-title-text fusion-title-size-two\" style=\"--awb-margin-top:40px;--awb-margin-bottom:0px;--awb-margin-bottom-small:0px;--awb-margin-bottom-medium:0px;--awb-font-size:13px;\"><div class=\"title-sep-container title-sep-container-left\"><div class=\"title-sep sep- sep-solid\" style=\"border-color:#e0dede;\"><\/div><\/div><span class=\"awb-title-spacer\"><\/span><h2 class=\"title-heading-center fusion-responsive-typography-calculated\" style=\"font-family:&quot;Questrial&quot;;font-style:normal;font-weight:400;margin:0;font-size:1em;letter-spacing:4px;--fontSize:13;--minFontSize:13;line-height:1.69;\">Borinquen Thermal Resort<\/h2><span class=\"awb-title-spacer\"><\/span><div class=\"title-sep-container title-sep-container-right\"><div class=\"title-sep sep- sep-solid\" style=\"border-color:#e0dede;\"><\/div><\/div><\/div><div class=\"fusion-title title fusion-title-2 fusion-title-center fusion-title-text fusion-title-size-three\" style=\"--awb-font-size:46px;\"><div class=\"title-sep-container title-sep-container-left\"><div class=\"title-sep sep- sep-solid\" style=\"border-color:#e0dede;\"><\/div><\/div><span class=\"awb-title-spacer\"><\/span><h3 class=\"title-heading-center fusion-responsive-typography-calculated\" style=\"margin:0;font-size:1em;--fontSize:46;line-height:1.67;\">Pol\u00edtica Ambiental<\/h3><span class=\"awb-title-spacer\"><\/span><div class=\"title-sep-container title-sep-container-right\"><div class=\"title-sep sep- sep-solid\" style=\"border-color:#e0dede;\"><\/div><\/div><\/div><div class=\"fusion-separator\" style=\"align-self: center;margin-left: auto;margin-right: auto;margin-top:0px;margin-bottom:20px;width:100%;max-width:50px;\"><div class=\"fusion-separator-border sep-single sep-solid\" style=\"--awb-height:20px;--awb-amount:20px;--awb-sep-color:#cbaa5c;border-color:#cbaa5c;border-top-width:1px;\"><\/div><\/div><div class=\"fusion-text fusion-text-1\" style=\"--awb-content-alignment:justify;--awb-margin-top:40px;\"><p>\u201cGreen Hope\u201d est\u00e1 comprometida con nuestras ideolog\u00edas para una gesti\u00f3n socioambiental en busca de mejorar el desarrollo. Por eso, nos esforzamos por crear un equilibrio integral que alcance el \u00e9xito de la empresa junto con la preservaci\u00f3n del medio ambiente.<\/p>\n<h2>Pol\u00edticas<\/h2>\n<ul class=\"fa-ul\">\n<li><i class=\"fa fa-li fa-star\"><\/i>Brindar al personal informaci\u00f3n actualizada sobre atenci\u00f3n al cliente y desarrollo sustentable.<\/li>\n<li><i class=\"fa fa-li fa-star\"><\/i>Crear programas de reciclaje y clasificaci\u00f3n o gesti\u00f3n de residuos.<\/li>\n<li><i class=\"fa fa-li fa-star\"><\/i>Tener una mejora constante en nuestras acciones ambientales.<\/li>\n<li><i class=\"fa fa-li fa-star\"><\/i>Cumplir con la legalidad vigente en materia de legislaci\u00f3n ambiental.<\/li>\n<li><i class=\"fa fa-li fa-star\"><\/i>Prevenir la contaminaci\u00f3n ambiental en nuestro entorno.<\/li>\n<li><i class=\"fa fa-li fa-star\"><\/i>Mitigar el impacto en el medio ambiente causado por nuestras propias actividades.<\/li>\n<li><i class=\"fa fa-li fa-star\"><\/i>Influir en el comportamiento de nuestros proveedores o proveedores, clientes locales y externos hacia nuestro compromiso con el cuidado de nuestros recursos naturales.<\/li>\n<li><i class=\"fa fa-li fa-star\"><\/i>Desarrollar proyectos para mejorar la calidad ambiental, nuestro servicio y la responsabilidad social corporativa.<\/li>\n<li><i class=\"fa fa-li fa-star\"><\/i>Apoyar la econom\u00eda y la cultura de las comunidades.<\/li>\n<li><i class=\"fa fa-li fa-star\"><\/i>Crear programas de formaci\u00f3n integral para el desarrollo del personal.<\/li>\n<\/ul>\n<h2><\/h2>\n<h2>Con fundamento en el art\u00edculo 8 de la ley n\u00b0 6084 o Ley de Parques Nacionales, el Balneario Termal de Borinquen dicta lo siguiente: Queda prohibido\u2026<\/h2>\n<ul class=\"fa-ul\">\n<li><i class=\"fa fa-li fa-star\"><\/i>Cazar o capturar animales silvestres, recolectar o extraer cualquiera de nuestros productos o cualquiera de nuestros restos.<\/li>\n<li><i class=\"fa fa-li fa-star\"><\/i>Destruir, manchar o provocar cualquier tipo de da\u00f1o o perjuicio a las plantas, equipos o el edificio.<\/li>\n<li><i class=\"fa fa-li fa-star\"><\/i>Para recolectar o extraer rocas, minerales, f\u00f3siles o cualquier otro tipo de producto geol\u00f3gico.<\/li>\n<li><i class=\"fa fa-li fa-star\"><\/i>Provocar cualquier tipo de contaminaci\u00f3n ambiental.<\/li>\n<li><i class=\"fa fa-li fa-star\"><\/i>Para alimentar o proporcionar bebidas a los animales.<\/li>\n<\/ul>\n<\/div><\/div><\/div><\/div><\/div>\n","protected":false},"excerpt":{"rendered":"","protected":false},"author":1,"featured_media":0,"parent":0,"menu_order":0,"comment_status":"open","ping_status":"open","template":"100-width.php","meta":{"_joinchat":[],"footnotes":""},"class_list":["post-3380","page","type-page","status-publish","hentry"],"_links":{"self":[{"href":"https:\/\/www.borinquenresort.com\/es\/wp-json\/wp\/v2\/pages\/3380","targetHints":{"allow":["GET"]}}],"collection":[{"href":"https:\/\/www.borinquenresort.com\/es\/wp-json\/wp\/v2\/pages"}],"about":[{"href":"https:\/\/www.borinquenresort.com\/es\/wp-json\/wp\/v2\/types\/page"}],"author":[{"embeddable":true,"href":"https:\/\/www.borinquenresort.com\/es\/wp-json\/wp\/v2\/users\/1"}],"replies":[{"embeddable":true,"href":"https:\/\/www.borinquenresort.com\/es\/wp-json\/wp\/v2\/comments?post=3380"}],"version-history":[{"count":2,"href":"https:\/\/www.borinquenresort.com\/es\/wp-json\/wp\/v2\/pages\/3380\/revisions"}],"predecessor-version":[{"id":3571,"href":"https:\/\/www.borinquenresort.com\/es\/wp-json\/wp\/v2\/pages\/3380\/revisions\/3571"}],"wp:attachment":[{"href":"https:\/\/www.borinquenresort.com\/es\/wp-json\/wp\/v2\/media?parent=3380"}],"curies":[{"name":"wp","href":"https:\/\/api.w.org\/{rel}","templated":true}]}}